{"id":1093,"date":"2020-02-16T13:27:22","date_gmt":"2020-02-16T12:27:22","guid":{"rendered":"http:\/\/fem4cad.com\/?page_id=1093"},"modified":"2020-02-16T18:23:14","modified_gmt":"2020-02-16T17:23:14","slug":"kolejnictwo","status":"publish","type":"page","link":"https:\/\/fem4cad.com\/en_us\/kolejnictwo\/","title":{"rendered":"Kolejnictwo"},"content":{"rendered":"<p>[et_pb_section fb_built=&#8221;1&#8243; _builder_version=&#8221;3.25.2&#8243; background_color=&#8221;#6b6b6b&#8221; custom_padding=&#8221;30px||17px|||&#8221;][et_pb_row column_structure=&#8221;1_4,1_4,1_4,1_4&#8243; _builder_version=&#8221;3.25.2&#8243; locked=&#8221;off&#8221;][et_pb_column type=&#8221;1_4&#8243; _builder_version=&#8221;3.25.2&#8243;][et_pb_text _builder_version=&#8221;4.0.9&#8243; _dynamic_attributes=&#8221;link_option_url&#8221; text_font=&#8221;Lato|||on|||||&#8221; text_text_color=&#8221;#ffffff&#8221; text_font_size=&#8221;23px&#8221; ul_font=&#8221;||||||||&#8221; text_orientation=&#8221;center&#8221; custom_margin=&#8221;0px||&#8221; custom_padding=&#8221;0px||&#8221; link_option_url=&#8221;@ET-DC@eyJkeW5hbWljIjp0cnVlLCJjb250ZW50IjoicG9zdF9saW5rX3VybF9wYWdlIiwic2V0dGluZ3MiOnsicG9zdF9pZCI6Ijg0MCJ9fQ==@&#8221; text_text_align=&#8221;center&#8221;]<\/p>\n<p><img loading=\"lazy\" decoding=\"async\" src=\"http:\/\/fem4cad.com\/wp-content\/uploads\/2019\/04\/Untitled-2.png\" alt=\"\" class=\"wp-image-229 alignnone size-full\" width=\"128\" height=\"128\" \/><br \/> MARINE<\/p>\n<p>[\/et_pb_text][\/et_pb_column][et_pb_column type=&#8221;1_4&#8243; _builder_version=&#8221;3.25.2&#8243;][et_pb_text _builder_version=&#8221;4.0.9&#8243; _dynamic_attributes=&#8221;link_option_url&#8221; text_font=&#8221;Lato|||on|||||&#8221; text_text_color=&#8221;#ffffff&#8221; text_font_size=&#8221;23px&#8221; ul_font=&#8221;||||||||&#8221; text_orientation=&#8221;center&#8221; custom_margin=&#8221;0px||&#8221; custom_padding=&#8221;0px||&#8221; link_option_url=&#8221;@ET-DC@eyJkeW5hbWljIjp0cnVlLCJjb250ZW50IjoicG9zdF9saW5rX3VybF9wYWdlIiwic2V0dGluZ3MiOnsicG9zdF9pZCI6IjEwNzUifX0=@&#8221; text_text_align=&#8221;center&#8221;]<\/p>\n<p><img loading=\"lazy\" decoding=\"async\" src=\"http:\/\/fem4cad.com\/wp-content\/uploads\/2019\/07\/offshore1.png\" alt=\"\" class=\"wp-image-568 alignnone size-full\" width=\"128\" height=\"128\" \/><br \/> offshore<\/p>\n<p>[\/et_pb_text][\/et_pb_column][et_pb_column type=&#8221;1_4&#8243; _builder_version=&#8221;3.25.2&#8243;][et_pb_text _builder_version=&#8221;4.0.9&#8243; _dynamic_attributes=&#8221;link_option_url&#8221; text_font=&#8221;Lato|||on|||||&#8221; text_text_color=&#8221;#ffffff&#8221; text_font_size=&#8221;23px&#8221; ul_font=&#8221;||||||||&#8221; text_orientation=&#8221;center&#8221; custom_margin=&#8221;0px||&#8221; custom_padding=&#8221;0px||&#8221; link_option_url=&#8221;@ET-DC@eyJkeW5hbWljIjp0cnVlLCJjb250ZW50IjoicG9zdF9saW5rX3VybF9wYWdlIiwic2V0dGluZ3MiOnsicG9zdF9pZCI6IjEwOTMifX0=@&#8221; text_text_align=&#8221;center&#8221;]<\/p>\n<p><img loading=\"lazy\" decoding=\"async\" src=\"http:\/\/fem4cad.com\/wp-content\/uploads\/2019\/07\/kolej.png\" alt=\"\" class=\"wp-image-578 alignnone size-full\" width=\"128\" height=\"128\" \/><br \/> railway industry<\/p>\n<p>[\/et_pb_text][\/et_pb_column][et_pb_column type=&#8221;1_4&#8243; _builder_version=&#8221;3.25.2&#8243;][et_pb_text _builder_version=&#8221;4.0.9&#8243; _dynamic_attributes=&#8221;link_option_url&#8221; text_font=&#8221;Lato|||on|||||&#8221; text_text_color=&#8221;#ffffff&#8221; text_font_size=&#8221;23px&#8221; ul_font=&#8221;||||||||&#8221; text_orientation=&#8221;center&#8221; custom_margin=&#8221;0px||&#8221; custom_padding=&#8221;0px||&#8221; link_option_url=&#8221;@ET-DC@eyJkeW5hbWljIjp0cnVlLCJjb250ZW50IjoicG9zdF9saW5rX3VybF9wYWdlIiwic2V0dGluZ3MiOnsicG9zdF9pZCI6IjEwOTUifX0=@&#8221; text_text_align=&#8221;center&#8221;]<\/p>\n<p><img loading=\"lazy\" decoding=\"async\" src=\"http:\/\/fem4cad.com\/wp-content\/uploads\/2019\/07\/proje.png\" alt=\"\" class=\"wp-image-627 alignnone size-full\" width=\"128\" height=\"128\" \/><br \/> others<\/p>\n<p>[\/et_pb_text][\/et_pb_column][\/et_pb_row][\/et_pb_section][et_pb_section fb_built=&#8221;1&#8243; _builder_version=&#8221;3.26.3&#8243; custom_padding=&#8221;||0px|||&#8221; locked=&#8221;off&#8221;][et_pb_row _builder_version=&#8221;3.26.3&#8243; custom_margin=&#8221;|auto|-40px|auto||&#8221;][et_pb_column type=&#8221;4_4&#8243; _builder_version=&#8221;3.26.3&#8243;][et_pb_text _builder_version=&#8221;4.0.9&#8243; text_font=&#8221;||||||||&#8221; text_text_color=&#8221;#0c71c3&#8243; header_font=&#8221;||||||||&#8221; header_text_color=&#8221;#0c71c3&#8243; header_2_font=&#8221;Rubik|700|||||||&#8221; header_2_text_color=&#8221;#0c71c3&#8243; header_2_font_size=&#8221;42px&#8221; header_2_line_height=&#8221;1.2em&#8221; module_alignment=&#8221;center&#8221; custom_margin=&#8221;||2px|||&#8221; custom_padding=&#8221;3px|||||&#8221; header_2_font_size_tablet=&#8221;&#8221; header_2_font_size_phone=&#8221;36px&#8221; header_2_font_size_last_edited=&#8221;on|phone&#8221; locked=&#8221;off&#8221;]<\/p>\n<h2>RAILWAY INDUSTRY<\/h2>\n<p>[\/et_pb_text][et_pb_divider color=&#8221;#0c71c3&#8243; divider_position=&#8221;center&#8221; divider_weight=&#8221;5px&#8221; _builder_version=&#8221;3.21&#8243; max_width=&#8221;50px&#8221; custom_margin=&#8221;||22px|||&#8221;][\/et_pb_divider][\/et_pb_column][\/et_pb_row][\/et_pb_section][et_pb_section fb_built=&#8221;1&#8243; _builder_version=&#8221;4.0.9&#8243; custom_margin=&#8221;-2px||36px|||&#8221; custom_padding=&#8221;2px||0px|||&#8221; hover_enabled=&#8221;0&#8243; locked=&#8221;off&#8221;][et_pb_row _builder_version=&#8221;4.0.9&#8243; custom_margin=&#8221;|auto|-40px|auto||&#8221; hover_enabled=&#8221;0&#8243;][et_pb_column type=&#8221;4_4&#8243; _builder_version=&#8221;3.26.3&#8243;][et_pb_text _builder_version=&#8221;4.0.9&#8243; text_font=&#8221;Lato|600|||||||&#8221; text_line_height=&#8221;2.2em&#8221; text_orientation=&#8221;justify&#8221; custom_padding=&#8221;||0px|||&#8221; custom_padding_tablet=&#8221;|40px||40px||true&#8221; custom_padding_last_edited=&#8221;off|desktop&#8221; hover_enabled=&#8221;0&#8243;]<\/p>\n<p class=\"translation-block\">Rail transport engineering is a source of constantly new challenges. The market requires design at the limit of technical feasibility, while expecting low weight of rolling stock, long-term durability and at the same time high vibroacoustic and thermal comfort. Our engineers have already faced a variety of problems in rail vehicles, including the high speed train sector for the Italian and Chinese markets.\n<br>The scope of our competence includes strength calculations for steel and aluminum vehicles:<br>- static and fatigue analysis of trains according to EN 12663: 2010,<br>- analysis of welded joints based on the requirements of DVS and Eurocode rules,<br>- checking the screw connections,<br>- frequency and shock response analysis,<br>- buckling analysis of carbody,<br>- analysis of equipment attachments supports,<br>- crash analysis,<br>- topology, topografy and size optimazation of whole carbodies or particular equipment components.<\/p>\n<p>&nbsp;<\/p>\n<table style=\"width: 100%; margin-left: auto; margin-right: auto;\">\n<tbody>\n<tr>\n<td style=\"width: 0.0166667px; text-align: center;\"><img decoding=\"async\" src=\"http:\/\/fem4cad.com\/wp-content\/uploads\/2020\/02\/2-300x189.png\" alt=\"\" style=\"border: 1px solid black; max-width: 195;\" \/><\/td>\n<td style=\"width: 0.0166667px; text-align: center;\"><img decoding=\"async\" src=\"http:\/\/fem4cad.com\/wp-content\/uploads\/2020\/02\/3-300x195.png\" alt=\"\" style=\"border: 1px solid black; max-width: 195;\" \/><\/td>\n<td style=\"width: 0.0166667px; text-align: center;\"><img decoding=\"async\" src=\"http:\/\/fem4cad.com\/wp-content\/uploads\/2020\/02\/4-300x192.png\" alt=\"\" style=\"border: 1px solid black; max-width: 195;\" \/><\/td>\n<\/tr>\n<tr>\n<td style=\"width: 0.0166667px; text-align: center;\"><img loading=\"lazy\" decoding=\"async\" src=\"http:\/\/fem4cad.com\/wp-content\/uploads\/2020\/02\/5-300x202.png\" alt=\"\" style=\"border: 1px solid black; max-width: 195;\" width=\"290\" height=\"195\" \/><\/td>\n<td style=\"width: 0.0166667px; text-align: center;\"><img decoding=\"async\" src=\"http:\/\/fem4cad.com\/wp-content\/uploads\/2020\/02\/6-300x172.png\" alt=\"\" style=\"border: 1px solid black; max-width: 195;\" \/><\/td>\n<td style=\"width: 0.0166667px; text-align: center;\"><img loading=\"lazy\" decoding=\"async\" src=\"http:\/\/fem4cad.com\/wp-content\/uploads\/2020\/02\/7-300x295.png\" alt=\"\" style=\"border: 1px solid black; max-width: 195;\" width=\"198\" height=\"195\" \/><\/td>\n<\/tr>\n<tr>\n<td style=\"width: 0.0166667px; text-align: center;\"><img loading=\"lazy\" decoding=\"async\" src=\"http:\/\/fem4cad.com\/wp-content\/uploads\/2020\/02\/8-300x226.png\" alt=\"\" style=\"border: 1px solid black; max-width: 195;\" width=\"259\" height=\"195\" \/><\/td>\n<td style=\"width: 0.0166667px; text-align: center;\"><img decoding=\"async\" src=\"http:\/\/fem4cad.com\/wp-content\/uploads\/2020\/02\/9-300x192.png\" alt=\"\" style=\"border: 1px solid black; max-width: 195;\" \/><\/td>\n<td style=\"width: 0.0166667px; text-align: center;\"><img decoding=\"async\" src=\"http:\/\/fem4cad.com\/wp-content\/uploads\/2020\/02\/ezgif.com-video-to-gif5.gif\" alt=\"\" style=\"border: 1px solid black; max-width: 195;\" \/><\/td>\n<\/tr>\n<\/tbody>\n<\/table>\n<p><center><\/center><\/p>\n<p>[\/et_pb_text][\/et_pb_column][\/et_pb_row][\/et_pb_section]<\/p>","protected":false},"excerpt":{"rendered":"<p>OKR\u0118TOWNICTWO offshore kolejnictwo inneKOLEJNICTWOIn\u017cynieria transportu szynowego jest \u017ar\u00f3d\u0142em ci\u0105gle nowych wyzwa\u0144. Rynek wymaga projektowania na granicy wykonalno\u015bci technicznej, oczekuj\u0105c przy tym niskiej masy taboru, d\u0142ugotrwa\u0142ej wytrzyma\u0142o\u015bci a jednocze\u015bnie wysokiego komfortu wibroakustycznego i termicznego. Nasi in\u017cynierowie mierzyli si\u0119 ju\u017c z r\u00f3\u017cnorodnymi problemami wyst\u0119puj\u0105cymi w pojazdach szynowych, w\u0142\u0105cznie z sektorem poci\u0105g\u00f3w wysokich pr\u0119dko\u015bci na rynek w\u0142oski oraz [&hellip;]<\/p>","protected":false},"author":1,"featured_media":0,"parent":0,"menu_order":0,"comment_status":"closed","ping_status":"closed","template":"","meta":{"_et_pb_use_builder":"on","_et_pb_old_content":"","_et_gb_content_width":"","footnotes":""},"class_list":["post-1093","page","type-page","status-publish","hentry"],"_links":{"self":[{"href":"https:\/\/fem4cad.com\/en_us\/wp-json\/wp\/v2\/pages\/1093","targetHints":{"allow":["GET"]}}],"collection":[{"href":"https:\/\/fem4cad.com\/en_us\/wp-json\/wp\/v2\/pages"}],"about":[{"href":"https:\/\/fem4cad.com\/en_us\/wp-json\/wp\/v2\/types\/page"}],"author":[{"embeddable":true,"href":"https:\/\/fem4cad.com\/en_us\/wp-json\/wp\/v2\/users\/1"}],"replies":[{"embeddable":true,"href":"https:\/\/fem4cad.com\/en_us\/wp-json\/wp\/v2\/comments?post=1093"}],"version-history":[{"count":13,"href":"https:\/\/fem4cad.com\/en_us\/wp-json\/wp\/v2\/pages\/1093\/revisions"}],"predecessor-version":[{"id":1135,"href":"https:\/\/fem4cad.com\/en_us\/wp-json\/wp\/v2\/pages\/1093\/revisions\/1135"}],"wp:attachment":[{"href":"https:\/\/fem4cad.com\/en_us\/wp-json\/wp\/v2\/media?parent=1093"}],"curies":[{"name":"wp","href":"https:\/\/api.w.org\/{rel}","templated":true}]}}