{"id":1095,"date":"2020-02-16T13:27:57","date_gmt":"2020-02-16T12:27:57","guid":{"rendered":"http:\/\/fem4cad.com\/?page_id=1095"},"modified":"2020-08-12T18:54:52","modified_gmt":"2020-08-12T16:54:52","slug":"inne","status":"publish","type":"page","link":"https:\/\/fem4cad.com\/en_us\/inne\/","title":{"rendered":"Inne"},"content":{"rendered":"<p>[et_pb_section fb_built=&#8221;1&#8243; _builder_version=&#8221;3.25.2&#8243; background_color=&#8221;#6b6b6b&#8221; custom_padding=&#8221;30px||17px|||&#8221;][et_pb_row column_structure=&#8221;1_4,1_4,1_4,1_4&#8243; _builder_version=&#8221;3.25.2&#8243; locked=&#8221;off&#8221;][et_pb_column type=&#8221;1_4&#8243; _builder_version=&#8221;3.25.2&#8243;][et_pb_text _builder_version=&#8221;4.0.9&#8243; _dynamic_attributes=&#8221;link_option_url&#8221; text_font=&#8221;Lato|||on|||||&#8221; text_text_color=&#8221;#ffffff&#8221; text_font_size=&#8221;23px&#8221; ul_font=&#8221;||||||||&#8221; text_orientation=&#8221;center&#8221; custom_margin=&#8221;0px||&#8221; custom_padding=&#8221;0px||&#8221; link_option_url=&#8221;@ET-DC@eyJkeW5hbWljIjp0cnVlLCJjb250ZW50IjoicG9zdF9saW5rX3VybF9wYWdlIiwic2V0dGluZ3MiOnsicG9zdF9pZCI6Ijg0MCJ9fQ==@&#8221; text_text_align=&#8221;center&#8221;]<\/p>\n<p><img loading=\"lazy\" decoding=\"async\" src=\"http:\/\/fem4cad.com\/wp-content\/uploads\/2019\/04\/Untitled-2.png\" alt=\"\" class=\"wp-image-229 alignnone size-full\" width=\"128\" height=\"128\" \/><br \/> MARINE<\/p>\n<p>[\/et_pb_text][\/et_pb_column][et_pb_column type=&#8221;1_4&#8243; _builder_version=&#8221;3.25.2&#8243;][et_pb_text _builder_version=&#8221;4.0.9&#8243; _dynamic_attributes=&#8221;link_option_url&#8221; text_font=&#8221;Lato|||on|||||&#8221; text_text_color=&#8221;#ffffff&#8221; text_font_size=&#8221;23px&#8221; ul_font=&#8221;||||||||&#8221; text_orientation=&#8221;center&#8221; custom_margin=&#8221;0px||&#8221; custom_padding=&#8221;0px||&#8221; link_option_url=&#8221;@ET-DC@eyJkeW5hbWljIjp0cnVlLCJjb250ZW50IjoicG9zdF9saW5rX3VybF9wYWdlIiwic2V0dGluZ3MiOnsicG9zdF9pZCI6IjEwNzUifX0=@&#8221; text_text_align=&#8221;center&#8221;]<\/p>\n<p><img loading=\"lazy\" decoding=\"async\" src=\"http:\/\/fem4cad.com\/wp-content\/uploads\/2019\/07\/offshore1.png\" alt=\"\" class=\"wp-image-568 alignnone size-full\" width=\"128\" height=\"128\" \/><br \/> offshore<\/p>\n<p>[\/et_pb_text][\/et_pb_column][et_pb_column type=&#8221;1_4&#8243; _builder_version=&#8221;3.25.2&#8243;][et_pb_text _builder_version=&#8221;4.0.9&#8243; _dynamic_attributes=&#8221;link_option_url&#8221; text_font=&#8221;Lato|||on|||||&#8221; text_text_color=&#8221;#ffffff&#8221; text_font_size=&#8221;23px&#8221; ul_font=&#8221;||||||||&#8221; text_orientation=&#8221;center&#8221; custom_margin=&#8221;0px||&#8221; custom_padding=&#8221;0px||&#8221; link_option_url=&#8221;@ET-DC@eyJkeW5hbWljIjp0cnVlLCJjb250ZW50IjoicG9zdF9saW5rX3VybF9wYWdlIiwic2V0dGluZ3MiOnsicG9zdF9pZCI6IjEwOTMifX0=@&#8221; text_text_align=&#8221;center&#8221;]<\/p>\n<p><img loading=\"lazy\" decoding=\"async\" src=\"http:\/\/fem4cad.com\/wp-content\/uploads\/2019\/07\/kolej.png\" alt=\"\" class=\"wp-image-578 alignnone size-full\" width=\"128\" height=\"128\" \/><br \/> railway industry<\/p>\n<p>[\/et_pb_text][\/et_pb_column][et_pb_column type=&#8221;1_4&#8243; _builder_version=&#8221;3.25.2&#8243;][et_pb_text _builder_version=&#8221;4.0.9&#8243; _dynamic_attributes=&#8221;link_option_url&#8221; text_font=&#8221;Lato|||on|||||&#8221; text_text_color=&#8221;#ffffff&#8221; text_font_size=&#8221;23px&#8221; ul_font=&#8221;||||||||&#8221; text_orientation=&#8221;center&#8221; custom_margin=&#8221;0px||&#8221; custom_padding=&#8221;0px||&#8221; link_option_url=&#8221;@ET-DC@eyJkeW5hbWljIjp0cnVlLCJjb250ZW50IjoicG9zdF9saW5rX3VybF9wYWdlIiwic2V0dGluZ3MiOnsicG9zdF9pZCI6IjEwOTUifX0=@&#8221; text_text_align=&#8221;center&#8221;]<\/p>\n<p><img loading=\"lazy\" decoding=\"async\" src=\"http:\/\/fem4cad.com\/wp-content\/uploads\/2019\/07\/proje.png\" alt=\"\" class=\"wp-image-627 alignnone size-full\" width=\"128\" height=\"128\" \/><br \/> others<\/p>\n<p>[\/et_pb_text][\/et_pb_column][\/et_pb_row][\/et_pb_section][et_pb_section fb_built=&#8221;1&#8243; admin_label=&#8221;Hero Section&#8221; _builder_version=&#8221;3.26.3&#8243; custom_padding=&#8221;0|0px|0px|0px&#8221;][et_pb_row column_structure=&#8221;1_2,1_2&#8243; module_id=&#8221;linkinne&#8221; _builder_version=&#8221;3.26.3&#8243; width=&#8221;100%&#8221; max_width=&#8221;100%&#8221; min_height=&#8221;538px&#8221; custom_margin=&#8221;|auto|-15px|auto||&#8221; custom_padding=&#8221;0|0|0px||false|false&#8221; use_custom_width=&#8221;on&#8221; width_unit=&#8221;off&#8221; custom_width_percent=&#8221;100%&#8221;][et_pb_column type=&#8221;1_2&#8243; _builder_version=&#8221;3.25&#8243; custom_padding=&#8221;100px||100px|8%&#8221; custom_padding_tablet=&#8221;60px|10%|60px|10%&#8221; custom_padding_phone=&#8221;&#8221; custom_padding_last_edited=&#8221;on|tablet&#8221; custom_padding__hover=&#8221;|||&#8221;][et_pb_text _builder_version=&#8221;4.4.5&#8243; text_font=&#8221;||||||||&#8221; header_font=&#8221;||||||||&#8221; header_2_font=&#8221;Rubik|700|||||||&#8221; header_2_font_size=&#8221;42px&#8221; header_2_line_height=&#8221;1.2em&#8221; module_alignment=&#8221;center&#8221; min_height=&#8221;121px&#8221; custom_margin=&#8221;-101px||2px|||&#8221; custom_padding=&#8221;48px|||||&#8221; hover_enabled=&#8221;0&#8243; header_2_font_size_tablet=&#8221;&#8221; header_2_font_size_phone=&#8221;36px&#8221; header_2_font_size_last_edited=&#8221;on|phone&#8221; locked=&#8221;off&#8221; text_text_color=&#8221;#0c71c3&#8243;]<\/p>\n<h2><span style=\"color: #0c71c3;\">OTHERS<\/span><\/h2>\n<p>[\/et_pb_text][et_pb_divider color=&#8221;#0c71c3&#8243; divider_position=&#8221;center&#8221; divider_weight=&#8221;5px&#8221; _builder_version=&#8221;3.21&#8243; max_width=&#8221;50px&#8221; custom_margin=&#8221;||22px|||&#8221;][\/et_pb_divider][et_pb_text _builder_version=&#8221;3.27.4&#8243; text_font=&#8221;Lato|600|||||||&#8221; text_line_height=&#8221;2.2em&#8221; text_orientation=&#8221;justify&#8221; custom_padding=&#8221;|||&#8221; custom_padding_tablet=&#8221;|40px||40px||true&#8221; custom_padding_last_edited=&#8221;off|desktop&#8221; text_text_align=&#8221;justify&#8221;]<\/p>\n<div>- customer support during documentation approval<\/div>\n<div>- structure optimazation<\/div>\n<div>- verification of projects carried out by other offices<\/div>\n<div>- rules calcualtions <br>- CFD analisys<\/div>\n<p>[\/et_pb_text][\/et_pb_column][et_pb_column type=&#8221;1_2&#8243; _builder_version=&#8221;3.26.3&#8243; background_color=&#8221;#212121&#8243; use_background_color_gradient=&#8221;on&#8221; background_color_gradient_start=&#8221;rgba(33,33,33,0.5)&#8221; background_color_gradient_end=&#8221;#212121&#8243; background_color_gradient_overlays_image=&#8221;on&#8221; background_image=&#8221;http:\/\/fem4cad.com\/wp-content\/uploads\/2019\/07\/AdobeStock_186127225.jpeg&#8221; custom_padding=&#8221;100px|8%|100px|&#8221; custom_padding_tablet=&#8221;60px|10%|60px|10%&#8221; custom_padding_phone=&#8221;&#8221; custom_padding_last_edited=&#8221;on|phone&#8221; custom_padding__hover=&#8221;|||&#8221;][et_pb_image src=&#8221;http:\/\/fem4cad.com\/wp-content\/uploads\/2019\/07\/AdobeStock_186127225.jpeg&#8221; align_tablet=&#8221;center&#8221; align_phone=&#8221;&#8221; align_last_edited=&#8221;on|desktop&#8221; _builder_version=&#8221;3.26.3&#8243; max_width=&#8221;600px&#8221; max_width_tablet=&#8221;&#8221; max_width_phone=&#8221;&#8221; max_width_last_edited=&#8221;on|desktop&#8221; custom_margin=&#8221;|||-8%&#8221; custom_margin_tablet=&#8221;|||&#8221; custom_margin_last_edited=&#8221;off|desktop&#8221; custom_padding=&#8221;|||&#8221; animation_style=&#8221;slide&#8221; animation_direction=&#8221;right&#8221; animation_intensity_slide=&#8221;4%&#8221; animation_starting_opacity=&#8221;50%&#8221; box_shadow_style=&#8221;preset3&#8243; box_shadow_blur=&#8221;80px&#8221;][\/et_pb_image][\/et_pb_column][\/et_pb_row][\/et_pb_section]<\/p>","protected":false},"excerpt":{"rendered":"<p>OKR\u0118TOWNICTWO offshore kolejnictwo inneINNE- wsparcie klient\u00f3w podczas zatwierdzania dokumentacji; &#8211; weryfikacja projekt\u00f3w wykonywanych przez inne biura; &#8211; obliczenia przepisowe; &#8211; numeryczne analizy przep\u0142ywu (symulacje CFD)<\/p>","protected":false},"author":1,"featured_media":0,"parent":0,"menu_order":0,"comment_status":"closed","ping_status":"closed","template":"","meta":{"_et_pb_use_builder":"on","_et_pb_old_content":"","_et_gb_content_width":"","footnotes":""},"class_list":["post-1095","page","type-page","status-publish","hentry"],"_links":{"self":[{"href":"https:\/\/fem4cad.com\/en_us\/wp-json\/wp\/v2\/pages\/1095","targetHints":{"allow":["GET"]}}],"collection":[{"href":"https:\/\/fem4cad.com\/en_us\/wp-json\/wp\/v2\/pages"}],"about":[{"href":"https:\/\/fem4cad.com\/en_us\/wp-json\/wp\/v2\/types\/page"}],"author":[{"embeddable":true,"href":"https:\/\/fem4cad.com\/en_us\/wp-json\/wp\/v2\/users\/1"}],"replies":[{"embeddable":true,"href":"https:\/\/fem4cad.com\/en_us\/wp-json\/wp\/v2\/comments?post=1095"}],"version-history":[{"count":4,"href":"https:\/\/fem4cad.com\/en_us\/wp-json\/wp\/v2\/pages\/1095\/revisions"}],"predecessor-version":[{"id":1182,"href":"https:\/\/fem4cad.com\/en_us\/wp-json\/wp\/v2\/pages\/1095\/revisions\/1182"}],"wp:attachment":[{"href":"https:\/\/fem4cad.com\/en_us\/wp-json\/wp\/v2\/media?parent=1095"}],"curies":[{"name":"wp","href":"https:\/\/api.w.org\/{rel}","templated":true}]}}