{"id":840,"date":"2020-01-03T16:36:08","date_gmt":"2020-01-03T15:36:08","guid":{"rendered":"http:\/\/fem4cad.com\/?page_id=840"},"modified":"2020-03-09T18:48:08","modified_gmt":"2020-03-09T17:48:08","slug":"okretownictwo","status":"publish","type":"page","link":"https:\/\/fem4cad.com\/en_us\/okretownictwo\/","title":{"rendered":"Okr\u0119townictwo"},"content":{"rendered":"<p>[et_pb_section fb_built=&#8221;1&#8243; _builder_version=&#8221;3.25.2&#8243; background_color=&#8221;#6b6b6b&#8221; custom_padding=&#8221;30px||17px|||&#8221;][et_pb_row column_structure=&#8221;1_4,1_4,1_4,1_4&#8243; _builder_version=&#8221;3.25.2&#8243; locked=&#8221;off&#8221;][et_pb_column type=&#8221;1_4&#8243; _builder_version=&#8221;3.25.2&#8243;][et_pb_text _builder_version=&#8221;4.0.9&#8243; _dynamic_attributes=&#8221;link_option_url&#8221; text_font=&#8221;Lato|||on|||||&#8221; text_text_color=&#8221;#ffffff&#8221; text_font_size=&#8221;23px&#8221; ul_font=&#8221;||||||||&#8221; text_orientation=&#8221;center&#8221; custom_margin=&#8221;0px||&#8221; custom_padding=&#8221;0px||&#8221; link_option_url=&#8221;@ET-DC@eyJkeW5hbWljIjp0cnVlLCJjb250ZW50IjoicG9zdF9saW5rX3VybF9wYWdlIiwic2V0dGluZ3MiOnsicG9zdF9pZCI6Ijg0MCJ9fQ==@&#8221; text_text_align=&#8221;center&#8221;]<\/p>\n<p><img loading=\"lazy\" decoding=\"async\" src=\"http:\/\/fem4cad.com\/wp-content\/uploads\/2019\/04\/Untitled-2.png\" alt=\"\" class=\"wp-image-229 alignnone size-full\" width=\"128\" height=\"128\" \/><br \/> MARINE<\/p>\n<p>[\/et_pb_text][\/et_pb_column][et_pb_column type=&#8221;1_4&#8243; _builder_version=&#8221;3.25.2&#8243;][et_pb_text _builder_version=&#8221;4.0.9&#8243; _dynamic_attributes=&#8221;link_option_url&#8221; text_font=&#8221;Lato|||on|||||&#8221; text_text_color=&#8221;#ffffff&#8221; text_font_size=&#8221;23px&#8221; ul_font=&#8221;||||||||&#8221; text_orientation=&#8221;center&#8221; custom_margin=&#8221;0px||&#8221; custom_padding=&#8221;0px||&#8221; link_option_url=&#8221;@ET-DC@eyJkeW5hbWljIjp0cnVlLCJjb250ZW50IjoicG9zdF9saW5rX3VybF9wYWdlIiwic2V0dGluZ3MiOnsicG9zdF9pZCI6IjEwNzUifX0=@&#8221; text_text_align=&#8221;center&#8221;]<\/p>\n<p><img loading=\"lazy\" decoding=\"async\" src=\"http:\/\/fem4cad.com\/wp-content\/uploads\/2019\/07\/offshore1.png\" alt=\"\" class=\"wp-image-568 alignnone size-full\" width=\"128\" height=\"128\" \/><br \/> offshore<\/p>\n<p>[\/et_pb_text][\/et_pb_column][et_pb_column type=&#8221;1_4&#8243; _builder_version=&#8221;3.25.2&#8243;][et_pb_text _builder_version=&#8221;4.0.9&#8243; _dynamic_attributes=&#8221;link_option_url&#8221; text_font=&#8221;Lato|||on|||||&#8221; text_text_color=&#8221;#ffffff&#8221; text_font_size=&#8221;23px&#8221; ul_font=&#8221;||||||||&#8221; text_orientation=&#8221;center&#8221; custom_margin=&#8221;0px||&#8221; custom_padding=&#8221;0px||&#8221; link_option_url=&#8221;@ET-DC@eyJkeW5hbWljIjp0cnVlLCJjb250ZW50IjoicG9zdF9saW5rX3VybF9wYWdlIiwic2V0dGluZ3MiOnsicG9zdF9pZCI6IjEwOTMifX0=@&#8221; text_text_align=&#8221;center&#8221;]<\/p>\n<p><img loading=\"lazy\" decoding=\"async\" src=\"http:\/\/fem4cad.com\/wp-content\/uploads\/2019\/07\/kolej.png\" alt=\"\" class=\"wp-image-578 alignnone size-full\" width=\"128\" height=\"128\" \/><br \/> railway industry<\/p>\n<p>[\/et_pb_text][\/et_pb_column][et_pb_column type=&#8221;1_4&#8243; _builder_version=&#8221;3.25.2&#8243;][et_pb_text _builder_version=&#8221;4.0.9&#8243; _dynamic_attributes=&#8221;link_option_url&#8221; text_font=&#8221;Lato|||on|||||&#8221; text_text_color=&#8221;#ffffff&#8221; text_font_size=&#8221;23px&#8221; ul_font=&#8221;||||||||&#8221; text_orientation=&#8221;center&#8221; custom_margin=&#8221;0px||&#8221; custom_padding=&#8221;0px||&#8221; link_option_url=&#8221;@ET-DC@eyJkeW5hbWljIjp0cnVlLCJjb250ZW50IjoicG9zdF9saW5rX3VybF9wYWdlIiwic2V0dGluZ3MiOnsicG9zdF9pZCI6IjEwOTUifX0=@&#8221; text_text_align=&#8221;center&#8221;]<\/p>\n<p><img loading=\"lazy\" decoding=\"async\" src=\"http:\/\/fem4cad.com\/wp-content\/uploads\/2019\/07\/proje.png\" alt=\"\" class=\"wp-image-627 alignnone size-full\" width=\"128\" height=\"128\" \/><br \/> others<\/p>\n<p>[\/et_pb_text][\/et_pb_column][\/et_pb_row][\/et_pb_section][et_pb_section fb_built=&#8221;1&#8243; _builder_version=&#8221;3.26.3&#8243; custom_padding=&#8221;||0px|||&#8221;][et_pb_row _builder_version=&#8221;3.26.3&#8243; custom_margin=&#8221;|auto|-40px|auto||&#8221;][et_pb_column type=&#8221;4_4&#8243; _builder_version=&#8221;3.26.3&#8243;][et_pb_text _builder_version=&#8221;4.0.9&#8243; text_font=&#8221;||||||||&#8221; text_text_color=&#8221;#0c71c3&#8243; header_font=&#8221;||||||||&#8221; header_text_color=&#8221;#0c71c3&#8243; header_2_font=&#8221;Rubik|700|||||||&#8221; header_2_text_color=&#8221;#0c71c3&#8243; header_2_font_size=&#8221;42px&#8221; header_2_line_height=&#8221;1.2em&#8221; module_alignment=&#8221;center&#8221; custom_margin=&#8221;||2px|||&#8221; custom_padding=&#8221;|||&#8221; header_2_font_size_tablet=&#8221;&#8221; header_2_font_size_phone=&#8221;36px&#8221; header_2_font_size_last_edited=&#8221;on|phone&#8221; locked=&#8221;off&#8221;]<\/p>\n<h2>MARINE<\/h2>\n<p>[\/et_pb_text][et_pb_divider color=&#8221;#0c71c3&#8243; divider_position=&#8221;center&#8221; divider_weight=&#8221;5px&#8221; _builder_version=&#8221;3.21&#8243; max_width=&#8221;50px&#8221; custom_margin=&#8221;||22px|||&#8221;][\/et_pb_divider][\/et_pb_column][\/et_pb_row][\/et_pb_section][et_pb_section fb_built=&#8221;1&#8243; _builder_version=&#8221;3.26.3&#8243; custom_margin=&#8221;-2px||36px|||&#8221; custom_padding=&#8221;2px||0px|||&#8221;][et_pb_row _builder_version=&#8221;3.26.3&#8243; custom_margin=&#8221;|auto|-40px|auto||&#8221;][et_pb_column type=&#8221;4_4&#8243; _builder_version=&#8221;3.26.3&#8243;][et_pb_text _builder_version=&#8221;4.3.4&#8243; text_font=&#8221;Lato|600|||||||&#8221; text_line_height=&#8221;2.2em&#8221; header_2_text_color=&#8221;#0c71c3&#8243; text_orientation=&#8221;justify&#8221; custom_padding=&#8221;||0px|||&#8221; custom_padding_tablet=&#8221;|40px||40px||true&#8221; custom_padding_last_edited=&#8221;off|desktop&#8221; hover_enabled=&#8221;0&#8243; custom_margin=&#8221;||-15px|||&#8221;]<\/p>\n<p class=\"translation-block\">In maritime sector we provide verification of structural designs (newbuildings and conversions) of all ship types:<br \/>\ngeneral cargo ships, multi-purpose dry cargo ships, bulk carriers, oil tankers, chemical tankers, container ships, ro-ro and ro-pax ships, car carriers, passenger ships, naval ships, special ships (e.g. tug, ice breaker, dredger).<br \/><\/p>\n<h2><span lang=\"EN-US\">Typical analyses<o:p><\/o:p><\/span><\/h2>\n<p>1.\tPrescriptive and direct strength analysis of hull structures in accordance with rules<br \/> FE structural strength analysis usually performed at three levels:<\/p>\n<ul>\n<li>Global direct strength analysis to assess the overall hull girder response<\/li>\n<li>Partial ship structural analysis to assess the strength of hull girder structural members, primary supporting structural members and bulkheads<\/li>\n<li>Local structure analysis to assess detailed stress levels in local structural details<\/li>\n<\/ul>\n<p>2. Fatigue analysis<\/p>\n<ul>\n<li>Fatigue due to cyclic stresses from wave loads and ship motions (High Cycle Fatigue).<\/li>\n<li>Fatigue due to low cyclic stresses from loading-unloading cycles or crane operation cycles (Low Cycle Fatigue).<\/li>\n<li>From simplified approach to extensive full stochastic analysis.<\/li>\n<li>Based on FE stress analysis - nominal stresses, hot spot stresses or local stresses at free plate edges<span><\/span><\/li>\n<\/ul>\n<p>3. Hydrodynamic \/ seakeeping calculations - direct wave load analysis<\/p>\n<ul>\n<li>Determination of extreme loads and relevant load cases for ultimate strength calculations.<\/li>\n<li><span>Determination of dynamic loads applicable in fatigue strength assessment.<\/span><span><\/span><\/li>\n<\/ul>\n<p>4. <span>Vibration analysis of hull and superstructure<\/span><\/p>\n<ul>\n<li><span> Global hull and superstructure vibration based on complete ship model<\/span><\/li>\n<li><span>Vibration analysis focused on large parts of decks and bulkheads, based on complete ship model<\/span><\/li>\n<li><span>Vibration analysis of local structures (plate fields and stiffeners)<\/span><\/li>\n<\/ul>\n<p><span>5. <\/span>Vibration analysis of masts and hull appendages<\/p>\n<p>6. Vibration analysis of foundations and machinery units<\/p>\n<table style=\"width: 100%; margin-left: auto; margin-right: auto;\">\n<tbody>\n<tr>\n<td style=\"width: 0.0166667px; text-align: center;\"><img loading=\"lazy\" decoding=\"async\" src=\"http:\/\/fem4cad.com\/wp-content\/uploads\/2020\/01\/Obraz5-300x211-1-300x211.png\" alt=\"\" style=\"border: 1px solid black;\" width=\"300\" height=\"184\" \/><\/td>\n<td style=\"width: 0.0166667px; text-align: center;\"><img loading=\"lazy\" decoding=\"async\" src=\"http:\/\/fem4cad.com\/wp-content\/uploads\/2020\/02\/mar-300x201.png\" alt=\"\" style=\"border: 1px solid black;\" width=\"315\" height=\"211\" \/><\/td>\n<td style=\"width: 0.0166667px; text-align: center;\"><img loading=\"lazy\" decoding=\"async\" src=\"http:\/\/fem4cad.com\/wp-content\/uploads\/2020\/02\/mar1-300x219.png\" alt=\"\" style=\"border: 1px solid black;\" width=\"290\" height=\"212\" \/><\/td>\n<\/tr>\n<tr>\n<td style=\"width: 0.0166667px; text-align: center;\"><img loading=\"lazy\" decoding=\"async\" src=\"http:\/\/fem4cad.com\/wp-content\/uploads\/2020\/01\/ult4-300x184.jpg\" alt=\"\" style=\"border: 1px solid black;\" width=\"300\" height=\"184\" \/><\/td>\n<td style=\"width: 0.0166667px; text-align: center;\"><img loading=\"lazy\" decoding=\"async\" src=\"http:\/\/fem4cad.com\/wp-content\/uploads\/2020\/01\/vibr1-300x184.jpg\" alt=\"\" style=\"border: 1px solid black;\" width=\"300\" height=\"184\" \/><\/td>\n<td style=\"width: 0.0166667px; text-align: center;\"><img loading=\"lazy\" decoding=\"async\" src=\"http:\/\/fem4cad.com\/wp-content\/uploads\/2020\/01\/vibr7-300x183.jpg\" alt=\"\" style=\"border: 1px solid black;\" width=\"300\" height=\"184\" \/><\/td>\n<\/tr>\n<tr>\n<td style=\"width: 0.0166667px; text-align: center;\"><img loading=\"lazy\" decoding=\"async\" src=\"http:\/\/fem4cad.com\/wp-content\/uploads\/2020\/02\/mar2-300x175.jpg\" alt=\"\" style=\"border: 1px solid black;\" width=\"326\" height=\"190\" \/><\/td>\n<td style=\"width: 0.0166667px; text-align: center;\"><img loading=\"lazy\" decoding=\"async\" src=\"http:\/\/fem4cad.com\/wp-content\/uploads\/2020\/02\/mar3-300x190.png\" alt=\"\" style=\"border: 1px solid black;\" width=\"300\" height=\"184\" \/><\/td>\n<td style=\"width: 0.0166667px; text-align: center;\"><img loading=\"lazy\" decoding=\"async\" src=\"http:\/\/fem4cad.com\/wp-content\/uploads\/2020\/02\/mar4-300x277.png\" alt=\"\" style=\"border: 1px solid black;\" width=\"205\" height=\"189\" \/><\/td>\n<\/tr>\n<tr>\n<td style=\"width: 0.0166667px; text-align: center;\"><img loading=\"lazy\" decoding=\"async\" src=\"http:\/\/fem4cad.com\/wp-content\/uploads\/2020\/02\/mar5-300x229.png\" alt=\"\" style=\"border: 1px solid black;\" width=\"269\" height=\"205\" \/><\/td>\n<td style=\"width: 0.0166667px; text-align: center;\"><img loading=\"lazy\" decoding=\"async\" src=\"http:\/\/fem4cad.com\/wp-content\/uploads\/2020\/02\/mar6-300x205.jpg\" alt=\"\" style=\"border: 1px solid black;\" width=\"300\" height=\"184\" \/><\/td>\n<td style=\"width: 0.0166667px; text-align: center;\"><img loading=\"lazy\" decoding=\"async\" src=\"http:\/\/fem4cad.com\/wp-content\/uploads\/2020\/01\/ezgif.com-video-to-gif2.gif\" alt=\"\" style=\"border: 1px solid black;\" width=\"405\" height=\"240\" \/><\/td>\n<\/tr>\n<\/tbody>\n<\/table>\n<p>&nbsp;<\/p>\n<p>&nbsp;<\/p>\n<p>[\/et_pb_text][\/et_pb_column][\/et_pb_row][\/et_pb_section]<\/p>","protected":false},"excerpt":{"rendered":"<p>OKR\u0118TOWNICTWO offshore kolejnictwo inneOKR\u0118TOWNICTWOWykonujemy zaawansowane analizy numeryczne umo\u017cliwiaj\u0105ce weryfikacj\u0119 projekt\u00f3w konstrukcyjnych (nowe projekty oraz przebudowy) wszystkich typ\u00f3w statk\u00f3w: statki towarowe, uniwersalne statki do przewozu \u0142adunk\u00f3w suchych, masowce, tankowce, chemikaliowce, kontenerowce, statki ro-ro i ro-pax, samochodowce, statki pasa\u017cerskie, statki specjalne (np. holownik, lodo\u0142amacz, pog\u0142\u0119biarka). Obszar analiz 1. Analizy wytrzyma\u0142o\u015bci konstrukcji kad\u0142uba zgodnie z przepisami odpowiednich towarzystw [&hellip;]<\/p>","protected":false},"author":1,"featured_media":0,"parent":0,"menu_order":0,"comment_status":"closed","ping_status":"closed","template":"","meta":{"_et_pb_use_builder":"on","_et_pb_old_content":"","_et_gb_content_width":"","footnotes":""},"class_list":["post-840","page","type-page","status-publish","hentry"],"_links":{"self":[{"href":"https:\/\/fem4cad.com\/en_us\/wp-json\/wp\/v2\/pages\/840","targetHints":{"allow":["GET"]}}],"collection":[{"href":"https:\/\/fem4cad.com\/en_us\/wp-json\/wp\/v2\/pages"}],"about":[{"href":"https:\/\/fem4cad.com\/en_us\/wp-json\/wp\/v2\/types\/page"}],"author":[{"embeddable":true,"href":"https:\/\/fem4cad.com\/en_us\/wp-json\/wp\/v2\/users\/1"}],"replies":[{"embeddable":true,"href":"https:\/\/fem4cad.com\/en_us\/wp-json\/wp\/v2\/comments?post=840"}],"version-history":[{"count":84,"href":"https:\/\/fem4cad.com\/en_us\/wp-json\/wp\/v2\/pages\/840\/revisions"}],"predecessor-version":[{"id":1164,"href":"https:\/\/fem4cad.com\/en_us\/wp-json\/wp\/v2\/pages\/840\/revisions\/1164"}],"wp:attachment":[{"href":"https:\/\/fem4cad.com\/en_us\/wp-json\/wp\/v2\/media?parent=840"}],"curies":[{"name":"wp","href":"https:\/\/api.w.org\/{rel}","templated":true}]}}